{"id":6734,"date":"2025-11-13T13:09:15","date_gmt":"2025-11-13T13:09:15","guid":{"rendered":"https:\/\/www.soilmec.com\/en\/?page_id=6734"},"modified":"2025-11-13T13:09:15","modified_gmt":"2025-11-13T13:09:15","slug":"soilmec-colombia","status":"publish","type":"page","link":"https:\/\/www.soilmec.com\/en\/soilmec-colombia\/","title":{"rendered":"Soilmec Colombia"},"content":{"rendered":"\n<p><strong>Somos l\u00edderes internacionales en materia de dise\u00f1o, producci\u00f3n y distribuci\u00f3n de maquinarias y equipos para la ingenier\u00eda del subsuelo.<\/strong><\/p>\n\n\n\n<p>Con m\u00e1s de 50 a\u00f1os de experiencia, SOILMEC es la empresa l\u00edder a nivel mundial en dise\u00f1o, producci\u00f3n y distribuci\u00f3n de maquinaria y equipos para:<\/p>\n\n\n\n<ul class=\"wp-block-list\">\n<li>ingenier\u00eda del subsuelo<\/li>\n\n\n\n<li>ejecuci\u00f3n de pilotes pre-excavados tipo Kelly<\/li>\n\n\n\n<li>Pilotes de tornillo continuo CFA<\/li>\n\n\n\n<li>Micropilotes y Anclajes<\/li>\n\n\n\n<li>Jet Grouting<\/li>\n\n\n\n<li>Muros Pantalla<\/li>\n\n\n\n<li>Nuevas tecnolog\u00edas como CAP\/CSP (Cased Augered Piles \/ Cased Secant Piles), DP (Displacement Piles), TurboJet, e Hidrofresa.<\/li>\n<\/ul>\n\n\n\n<p><strong>SOILMEC Colombia es una de las 15 compa\u00f1\u00edas operativas a nivel mundial directas de SOILMEC S.P.A.<\/strong><\/p>\n\n\n\n<p>Desde su establecimiento en Colombia en el a\u00f1o 2012,&nbsp;SOILMEC se ha convertido en un estandarte para la industria de la construcci\u00f3n, siendo proveedor de compa\u00f1\u00edas a nivel nacional y regional gracias a una gama de productos en constantemente evoluci\u00f3n,&nbsp;a una estructura organizacional enfocada, desarrollada y dirigida a nuestros clientes.<\/p>\n\n\n\n<h1 class=\"wp-block-heading\">Servicios<\/h1>\n\n\n\n<p>Soilmec Colombia cuenta con un equipo altamente calificado para servicio t\u00e9cnico de:&nbsp;<strong>postventa, mantenimiento preventivo y correctivo,&nbsp;<\/strong>ofreciendo una excelente asistencia para nuestros clientes.<\/p>\n\n\n\n<p>Nuestro servicio t\u00e9cnico tiene disponibilidad a nivel Nacional y Regional (pa\u00edses donde estamos disponibles), adapt\u00e1ndose a las necesidades de nuestros clientes.&nbsp;Nuestros t\u00e9cnicos est\u00e1n tambi\u00e9n en capacidad de atender requerimientos v\u00eda telef\u00f3nica para dar un primer diagn\u00f3stico de la falla, mientras se hace presencia en el lugar donde se encuentra la m\u00e1quina.<\/p>\n\n\n\n<h1 class=\"wp-block-heading\">Cont\u00e1ctenos<\/h1>\n\n\n\n<p>Bogot\u00e1, Colombia<\/p>\n\n\n\n<p>CALLE 93B # 18 &#8211; 12<\/p>\n\n\n\n<p>(+57) 601 9157022<\/p>\n\n\n\n<p>info@soilmeccolombia.com<\/p>\n\n\n\n<p><\/p>\n","protected":false},"excerpt":{"rendered":"<p>Somos l\u00edderes internacionales en materia de dise\u00f1o, producci\u00f3n y distribuci\u00f3n de maquinarias y equipos para la ingenier\u00eda del subsuelo. Con m\u00e1s de 50 a\u00f1os de experiencia, SOILMEC es la empresa l\u00edder a nivel mundial en dise\u00f1o, producci\u00f3n y distribuci\u00f3n de maquinaria y equipos para: SOILMEC Colombia es una de las 15 compa\u00f1\u00edas operativas a nivel [&hellip;]<\/p>\n","protected":false},"author":4,"featured_media":0,"parent":0,"menu_order":0,"comment_status":"closed","ping_status":"closed","template":"","meta":{"_acf_changed":true,"footnotes":""},"class_list":["post-6734","page","type-page","status-publish","hentry"],"featured_image_src":null,"featured_image_src_square":null,"acf":[],"_links":{"self":[{"href":"https:\/\/www.soilmec.com\/en\/wp-json\/wp\/v2\/pages\/6734","targetHints":{"allow":["GET"]}}],"collection":[{"href":"https:\/\/www.soilmec.com\/en\/wp-json\/wp\/v2\/pages"}],"about":[{"href":"https:\/\/www.soilmec.com\/en\/wp-json\/wp\/v2\/types\/page"}],"author":[{"embeddable":true,"href":"https:\/\/www.soilmec.com\/en\/wp-json\/wp\/v2\/users\/4"}],"replies":[{"embeddable":true,"href":"https:\/\/www.soilmec.com\/en\/wp-json\/wp\/v2\/comments?post=6734"}],"version-history":[{"count":0,"href":"https:\/\/www.soilmec.com\/en\/wp-json\/wp\/v2\/pages\/6734\/revisions"}],"wp:attachment":[{"href":"https:\/\/www.soilmec.com\/en\/wp-json\/wp\/v2\/media?parent=6734"}],"curies":[{"name":"wp","href":"https:\/\/api.w.org\/{rel}","templated":true}]}}